{"id":40,"date":"2020-01-31T17:31:45","date_gmt":"2020-01-31T16:31:45","guid":{"rendered":"https:\/\/recherche.uqac.ca\/r2eau\/?page_id=40"},"modified":"2020-11-16T08:31:06","modified_gmt":"2020-11-16T07:31:06","slug":"axes-de-recherche","status":"publish","type":"page","link":"https:\/\/recherche.uqac.ca\/r2eau\/axes-de-recherche\/","title":{"rendered":"Axes de recherche"},"content":{"rendered":"<p><strong>Les axes de recherche et les chercheurs impliqu\u00e9s se pr\u00e9sentent selon le sommaire qui suit.<\/strong><\/p>\n<table style=\"height: 145px\" width=\"475\">\n<tbody>\n<tr>\n<td colspan=\"2\" width=\"585\"><strong> <span style=\"font-weight: bold;color: #24890d;font-family: verdana\"> Outils math\u00e9matiques pour la quantification du risque <\/span><\/strong><\/td>\n<\/tr>\n<tr>\n<td width=\"158\"><strong><span style=\"font-weight: bold;color: #b31310;font-family: verdana\">Th\u00e9matiques<\/span><\/strong><\/td>\n<td width=\"427\">Math\u00e9matiques appliqu\u00e9es et mod\u00e9lisation pour la quantification du risque<\/td>\n<\/tr>\n<\/tbody>\n<\/table>\n<table style=\"height: 145px\" width=\"481\">\n<tbody>\n<tr>\n<td colspan=\"2\" width=\"585\"><strong><span style=\"font-weight: bold;color: #24890d;font-family: verdana\"> Historique et pr\u00e9vision des risques <\/span><\/strong><\/td>\n<\/tr>\n<tr>\n<td width=\"158\"><strong><span style=\"font-weight: bold;color: #b31310;font-family: verdana\">Th\u00e9matiques<\/span><\/strong><\/td>\n<td width=\"427\">\u00c9volution pass\u00e9e des risques \u00e0 partir de donn\u00e9es g\u00e9ologiques et pr\u00e9visions futures bas\u00e9es sur ces observations<\/td>\n<\/tr>\n<\/tbody>\n<\/table>\n<table>\n<tbody>\n<tr>\n<td colspan=\"2\" width=\"585\"><strong><span style=\"font-weight: bold;color: #24890d;font-family: verdana\"> Risques et impacts sociaux reli\u00e9s \u00e0 l\u2019eau souterraine <\/span> <\/strong><\/td>\n<\/tr>\n<tr>\n<td width=\"158\"><strong><span style=\"font-weight: bold;color: #b31310;font-family: verdana\">Th\u00e9matiques<\/span><\/strong><\/td>\n<td width=\"427\">Acceptabilit\u00e9 et impacts sociaux de la gestion des eaux souterraines, incluant leur protection, leur qualit\u00e9 naturelle et leur contamination.<\/td>\n<\/tr>\n<\/tbody>\n<\/table>\n<table>\n<tbody>\n<tr>\n<td colspan=\"2\" width=\"585\"><strong><span style=\"font-weight: bold;color: #24890d;font-family: verdana\"> Risques associ\u00e9s \u00e0 l\u2019\u00e9rosion et \u00e0 l\u2019ensablement <\/span><\/strong><\/td>\n<\/tr>\n<tr>\n<td width=\"158\"><strong><span style=\"font-weight: bold;color: #b31310;font-family: verdana\">Th\u00e9matiques<\/span><\/strong><\/td>\n<td width=\"427\"><strong>1.<\/strong>\u00a0 \u00c9rosion des berges;<\/p>\n<p><strong>2.<\/strong>\u00a0 Ensablement de plans d\u2019eau.<\/td>\n<\/tr>\n<\/tbody>\n<\/table>\n<table>\n<tbody>\n<tr>\n<td colspan=\"2\" width=\"585\"><strong><span style=\"font-weight: bold;color: #24890d;font-family: verdana\"> Risques associ\u00e9s aux glissements de terrains et \u00e0 la stabilit\u00e9 des massifs rocheux <\/span><\/strong><\/td>\n<\/tr>\n<tr>\n<td width=\"158\"><strong><span style=\"font-weight: bold;color: #b31310;font-family: verdana\">Th\u00e9matiques<\/span><\/strong><\/td>\n<td width=\"427\"><strong>1<\/strong>. Pr\u00e9vision des glissements dans les sols argileux;<\/p>\n<p><strong>2. <\/strong>Stabilit\u00e9 des massifs rocheux.<\/td>\n<\/tr>\n<\/tbody>\n<\/table>\n<table>\n<tbody>\n<tr>\n<td colspan=\"2\" width=\"585\"><strong><span style=\"font-weight: bold;color: #24890d;font-family: verdana\">Risques associ\u00e9s aux inondations et ruptures de barrage <\/span> <\/strong><\/td>\n<\/tr>\n<tr>\n<td width=\"158\"><strong><span style=\"font-weight: bold;color: #b31310;font-family: verdana\">Th\u00e9matiques<\/span><\/strong><\/td>\n<td width=\"427\"><strong>1. <\/strong>Risques hydrologiques<\/p>\n<p><strong>2.<\/strong> Risques pour les infrastructures<\/td>\n<\/tr>\n<\/tbody>\n<\/table>\n<table style=\"height: 490px\" width=\"468\">\n<tbody>\n<tr>\n<td colspan=\"2\" width=\"585\"><strong><span style=\"font-weight: bold;color: #24890d;font-family: verdana\"> Risques associ\u00e9s aux eaux souterraines(protection et pr\u00e9servation des eaux souterraines)<\/span><\/strong><\/td>\n<\/tr>\n<tr>\n<td width=\"158\"><strong><span style=\"font-weight: bold;color: #b31310;font-family: verdana\">Th\u00e9matiques<\/span><\/strong><\/td>\n<td width=\"427\"><strong>1.<\/strong> \u00a0\u00a0 Protection des eaux souterraines contre la contamination;<\/p>\n<p><strong>2.<\/strong> \u00a0\u00a0 Risque associ\u00e9 \u00e0 la qualit\u00e9 naturelle des eaux souterraines;<\/p>\n<p><strong>3.<\/strong> Changements climatiques et eaux souterraines:<\/p>\n<p><strong>3.1.<\/strong> \u00a0 impact des changements climatiques sur la ressource,<\/p>\n<p><strong>3.2. <\/strong>utilisation accrue de la ressource pour att\u00e9nuer les risques dus aux changements climatiques,<\/p>\n<p><strong>3.3. <\/strong>risques d\u2019une exploitation accrue de la ressource;<\/p>\n<p><strong>4.<\/strong>\u00a0 Risques associ\u00e9s aux entr\u00e9es d\u2019eau dans les mines et leur drainage.<\/p>\n<p>&nbsp;<\/td>\n<\/tr>\n<\/tbody>\n<\/table>\n","protected":false},"excerpt":{"rendered":"<p>Les axes de recherche et les chercheurs impliqu\u00e9s se pr\u00e9sentent selon le sommaire qui suit. Outils math\u00e9matiques pour la quantification du risque Th\u00e9matiques Math\u00e9matiques appliqu\u00e9es et mod\u00e9lisation pour la quantification du risque Historique et pr\u00e9vision des risques Th\u00e9matiques \u00c9volution pass\u00e9e des risques \u00e0 partir de donn\u00e9es g\u00e9ologiques et pr\u00e9visions futures bas\u00e9es sur ces observations Risques &hellip; <a href=\"https:\/\/recherche.uqac.ca\/r2eau\/axes-de-recherche\/\" class=\"more-link\">Continue reading <span class=\"screen-reader-text\">Axes de recherche<\/span> <span class=\"meta-nav\">&rarr;<\/span><\/a><\/p>\n","protected":false},"author":23,"featured_media":0,"parent":0,"menu_order":2,"comment_status":"closed","ping_status":"closed","template":"","meta":{"footnotes":""},"_links":{"self":[{"href":"https:\/\/recherche.uqac.ca\/r2eau\/wp-json\/wp\/v2\/pages\/40"}],"collection":[{"href":"https:\/\/recherche.uqac.ca\/r2eau\/wp-json\/wp\/v2\/pages"}],"about":[{"href":"https:\/\/recherche.uqac.ca\/r2eau\/wp-json\/wp\/v2\/types\/page"}],"author":[{"embeddable":true,"href":"https:\/\/recherche.uqac.ca\/r2eau\/wp-json\/wp\/v2\/users\/23"}],"replies":[{"embeddable":true,"href":"https:\/\/recherche.uqac.ca\/r2eau\/wp-json\/wp\/v2\/comments?post=40"}],"version-history":[{"count":6,"href":"https:\/\/recherche.uqac.ca\/r2eau\/wp-json\/wp\/v2\/pages\/40\/revisions"}],"predecessor-version":[{"id":82,"href":"https:\/\/recherche.uqac.ca\/r2eau\/wp-json\/wp\/v2\/pages\/40\/revisions\/82"}],"wp:attachment":[{"href":"https:\/\/recherche.uqac.ca\/r2eau\/wp-json\/wp\/v2\/media?parent=40"}],"curies":[{"name":"wp","href":"https:\/\/api.w.org\/{rel}","templated":true}]}}