{"id":406,"date":"2025-02-28T21:00:21","date_gmt":"2025-02-28T20:00:21","guid":{"rendered":"https:\/\/recherche.uqac.ca\/r2eau\/?page_id=406"},"modified":"2025-02-28T21:00:21","modified_gmt":"2025-02-28T20:00:21","slug":"anne-marie-proulx","status":"publish","type":"page","link":"https:\/\/recherche.uqac.ca\/r2eau\/anne-marie-proulx\/","title":{"rendered":"Anne-Marie Proulx"},"content":{"rendered":"<table style=\"width: 1109px;height: 215px\">\n<tbody>\n<tr>\n<td>\n<h1 style=\"color: #24890d;font-family: verdana;text-align: center\">Anne-Marie Proulx<\/h1>\n<p style=\"text-align: center\"><a href=\"https:\/\/recherche.uqac.ca\/r2eau\/wp-content\/uploads\/sites\/11\/2025\/02\/Anne-Marie-Proulx.jpg\"><img loading=\"lazy\" decoding=\"async\" class=\"alignnone size-large wp-image-407\" src=\"https:\/\/recherche.uqac.ca\/r2eau\/wp-content\/uploads\/sites\/11\/2025\/02\/Anne-Marie-Proulx-559x1024.jpg\" alt=\"\" width=\"474\" height=\"868\" srcset=\"https:\/\/recherche.uqac.ca\/r2eau\/wp-content\/uploads\/sites\/11\/2025\/02\/Anne-Marie-Proulx-559x1024.jpg 559w, https:\/\/recherche.uqac.ca\/r2eau\/wp-content\/uploads\/sites\/11\/2025\/02\/Anne-Marie-Proulx-164x300.jpg 164w, https:\/\/recherche.uqac.ca\/r2eau\/wp-content\/uploads\/sites\/11\/2025\/02\/Anne-Marie-Proulx-768x1408.jpg 768w, https:\/\/recherche.uqac.ca\/r2eau\/wp-content\/uploads\/sites\/11\/2025\/02\/Anne-Marie-Proulx-838x1536.jpg 838w, https:\/\/recherche.uqac.ca\/r2eau\/wp-content\/uploads\/sites\/11\/2025\/02\/Anne-Marie-Proulx.jpg 1080w\" sizes=\"(max-width: 474px) 100vw, 474px\" \/><\/a><\/p>\n<h5 style=\"text-align: center\">R\u00e9troanalyse\u00a0du r\u00e9seau de distribution de remblai de la mine Niobec afin de pr\u00e9venir les bris<\/h5>\n<h5 style=\"text-align: left\"><span style=\"color: #008000\"><strong>Direction:<\/strong><\/span> Dr. Marie-Isabelle Farinas<\/h5>\n<h5 style=\"text-align: left\"><span style=\"color: #008000\"><strong>Co-direction:<\/strong><\/span> Dr. Ali Saeidi<\/h5>\n<h5 style=\"text-align: left\"><span style=\"color: #008000\">R\u00f4le :<\/span> Ma\u00eetrise<\/h5>\n<h5><span style=\"color: #008000\">Informations de contact: <\/span><span style=\"color: #0000ff\"><a style=\"color: #0000ff\" href=\"mailto:amproulx1@etu.uqac.ca\" target=\"_blank\" rel=\"noopener\">amproulx1@etu.uqac.ca<\/a><\/span><\/h5>\n<h6 style=\"text-align: justify\"><span style=\"color: #008000\"><strong>Informations de la recherche : <\/strong><\/span>La mine Niobec situ\u00e9e \u00e0 Saint-honor\u00e9 exploite un gisement souterrain de niobium. Lors du proc\u00e9d\u00e9 d\u2019extraction, les rejets, sont achemin\u00e9s \u00e0 l\u2019usine \u00e0 remblai. Le remblai en p\u00e2te, un m\u00e9lange solide-liquide de r\u00e9sidus miniers, d&#8217;eau et de liant, est essentiel pour combler les vides souterrains une fois sous terre et durcit. Il permet de stabiliser les chantiers d&#8217;extraction, valoriser les d\u00e9chets et optimiser la r\u00e9cup\u00e9ration du minerai. Cependant, l&#8217;usure de la tuyauterie et les bris de lignes entra\u00eenent des arr\u00eats co\u00fbteux dans le transport du remblai. Plusieurs facteurs peuvent contribuer \u00e0 ces bris, notamment, la composition initiale du m\u00e9lange, les hautes pressions dans la conduite, la quantit\u00e9 d\u2019eau utilis\u00e9e lors du nettoyage de la tuyauterie. L\u2019objectif de la recherche est d\u2019\u00e9valuer les causes de bris dans le circuit hydraulique de la mine Niobec et de proposer des solutions appropri\u00e9es. Cet objectif principal est divis\u00e9 en quatre sous objectifs. Premi\u00e8rement, le mat\u00e9riau de remblai circulant dans la tuyauterie est caract\u00e9ris\u00e9, deuxi\u00e8mement, le circuit hydraulique acheminant le remblai est cibl\u00e9 et troisi\u00e8mement, les causes de bris sont identifi\u00e9es en r\u00e9alisant une r\u00e9troanalyse des \u00e9v\u00e9nements ayant caus\u00e9 des bris. Finalement, le mod\u00e8le hydraulique de la mine Niobec r\u00e9alis\u00e9e par la firme <em>Patterson and Cooke <\/em>sera utilis\u00e9 pour valider les conditions normales de circulation et les bris. En se basant sur l\u2019ensemble de ces analyses, il sera possible de proposer des solutions adapt\u00e9es pour la mine Niobec pour diminuer ou \u00e9liminer le risque de blocage du remblai en p\u00e2te ciment\u00e9.<\/h6>\n<\/td>\n<\/tr>\n<\/tbody>\n<\/table>\n","protected":false},"excerpt":{"rendered":"<p>Anne-Marie Proulx R\u00e9troanalyse\u00a0du r\u00e9seau de distribution de remblai de la mine Niobec afin de pr\u00e9venir les bris Direction: Dr. Marie-Isabelle Farinas Co-direction: Dr. Ali Saeidi R\u00f4le : Ma\u00eetrise Informations de contact: amproulx1@etu.uqac.ca Informations de la recherche : La mine Niobec situ\u00e9e \u00e0 Saint-honor\u00e9 exploite un gisement souterrain de niobium. Lors du proc\u00e9d\u00e9 d\u2019extraction, les rejets, &hellip; <a href=\"https:\/\/recherche.uqac.ca\/r2eau\/anne-marie-proulx\/\" class=\"more-link\">Continue reading <span class=\"screen-reader-text\">Anne-Marie Proulx<\/span> <span class=\"meta-nav\">&rarr;<\/span><\/a><\/p>\n","protected":false},"author":39,"featured_media":0,"parent":0,"menu_order":0,"comment_status":"closed","ping_status":"closed","template":"","meta":{"footnotes":""},"_links":{"self":[{"href":"https:\/\/recherche.uqac.ca\/r2eau\/wp-json\/wp\/v2\/pages\/406"}],"collection":[{"href":"https:\/\/recherche.uqac.ca\/r2eau\/wp-json\/wp\/v2\/pages"}],"about":[{"href":"https:\/\/recherche.uqac.ca\/r2eau\/wp-json\/wp\/v2\/types\/page"}],"author":[{"embeddable":true,"href":"https:\/\/recherche.uqac.ca\/r2eau\/wp-json\/wp\/v2\/users\/39"}],"replies":[{"embeddable":true,"href":"https:\/\/recherche.uqac.ca\/r2eau\/wp-json\/wp\/v2\/comments?post=406"}],"version-history":[{"count":1,"href":"https:\/\/recherche.uqac.ca\/r2eau\/wp-json\/wp\/v2\/pages\/406\/revisions"}],"predecessor-version":[{"id":408,"href":"https:\/\/recherche.uqac.ca\/r2eau\/wp-json\/wp\/v2\/pages\/406\/revisions\/408"}],"wp:attachment":[{"href":"https:\/\/recherche.uqac.ca\/r2eau\/wp-json\/wp\/v2\/media?parent=406"}],"curies":[{"name":"wp","href":"https:\/\/api.w.org\/{rel}","templated":true}]}}