{"id":448,"date":"2025-03-04T15:20:35","date_gmt":"2025-03-04T14:20:35","guid":{"rendered":"https:\/\/recherche.uqac.ca\/r2eau\/?page_id=448"},"modified":"2025-03-05T20:26:06","modified_gmt":"2025-03-05T19:26:06","slug":"fatou-colleen-sylla","status":"publish","type":"page","link":"https:\/\/recherche.uqac.ca\/r2eau\/fatou-colleen-sylla\/","title":{"rendered":"Fatou Colleen Sylla"},"content":{"rendered":"<table style=\"width: 1108px;height: 888px\">\n<tbody>\n<tr>\n<td>\n<h1 style=\"color: #24890d;font-family: verdana;text-align: center\">Fatou Colleen Sylla<\/h1>\n<p style=\"text-align: center\"><a href=\"https:\/\/recherche.uqac.ca\/r2eau\/wp-content\/uploads\/sites\/11\/2025\/03\/Fatou-Sylla.jpeg\"><img loading=\"lazy\" decoding=\"async\" class=\"alignnone size-large wp-image-451\" src=\"https:\/\/recherche.uqac.ca\/r2eau\/wp-content\/uploads\/sites\/11\/2025\/03\/Fatou-Sylla-847x1024.jpeg\" alt=\"\" width=\"474\" height=\"573\" srcset=\"https:\/\/recherche.uqac.ca\/r2eau\/wp-content\/uploads\/sites\/11\/2025\/03\/Fatou-Sylla-847x1024.jpeg 847w, https:\/\/recherche.uqac.ca\/r2eau\/wp-content\/uploads\/sites\/11\/2025\/03\/Fatou-Sylla-248x300.jpeg 248w, https:\/\/recherche.uqac.ca\/r2eau\/wp-content\/uploads\/sites\/11\/2025\/03\/Fatou-Sylla-768x929.jpeg 768w, https:\/\/recherche.uqac.ca\/r2eau\/wp-content\/uploads\/sites\/11\/2025\/03\/Fatou-Sylla.jpeg 1024w\" sizes=\"(max-width: 474px) 100vw, 474px\" \/><\/a><\/p>\n<h5 style=\"text-align: center\"><span style=\"text-decoration: underline\">Titre de recherche :<\/span> RAG de r\u00e9sidus bauxites dans le b\u00e9ton<\/h5>\n<h5 style=\"text-align: left\"><span style=\"color: #008000\"><strong>Direction :<\/strong><\/span> Prof. Mathieu Fiset<\/h5>\n<h5 style=\"text-align: left\"><span style=\"color: #008000\"><strong>Co-direction :<\/strong><\/span> Prof. Reza Jafari Aminabadi<\/h5>\n<h5 style=\"text-align: left\"><span style=\"color: #008000\">R\u00f4le :<\/span> Ma\u00eetrise\/Stagiaire<\/h5>\n<h5><span style=\"color: #008000\">Informations de contact: <span style=\"color: #000000\"><a style=\"color: #000000\" href=\"mailto:fcsylla@etu.uqac.ca\">fcsylla@etu.uqac.ca@uqac.ca<\/a><\/span><br \/>\n<\/span><\/h5>\n<h6 style=\"text-align: justify\"><span style=\"color: #008000\"><strong>Informations de la recherche : <\/strong><\/span>La r\u00e9action alcalis-granulats (RAG) est une r\u00e9action chimique qui se produit entre certaines phases r\u00e9actives des granulats et qui est tr\u00e8s dommageable. Ce projet a pour objectif d\u2019\u00e9valuer le potentiel de RAG des r\u00e9sidus de bauxites employ\u00e9s dans le b\u00e9ton. Plus sp\u00e9cifiquement:<\/h6>\n<h6 style=\"text-align: justify\">&#8211; R\u00e9aliser une revue litt\u00e9raire pour mieux comprendre le ph\u00e9nom\u00e8ne de RAG dans les b\u00e9tons alcali-activ\u00e9 et les b\u00e9tons avec r\u00e9sidus de bauxite;<\/h6>\n<h6 style=\"text-align: justify\">&#8211; De d\u00e9terminer et quantifier le potentiel de RAG du r\u00e9sidu de bauxite employ\u00e9 dans le b\u00e9ton de ciment et dans un b\u00e9ton alcali-activ\u00e9 \u00e0 l&#8217;aide des essais d\u00e9crits et r\u00e9alis\u00e9s conform\u00e9ment par CSA A23.2 -25A et -14A;<\/h6>\n<h6 style=\"text-align: justify\">&#8211; D\u00e9terminer et d\u00e9velopper une m\u00e9thode d\u2019essai pour l\u2019\u00e9valuation acc\u00e9l\u00e9r\u00e9e du potentiel de RAG pour un b\u00e9ton alcali-activ\u00e9;<\/h6>\n<h6 style=\"text-align: justify\">&#8211; Analyser et pr\u00e9senter les r\u00e9sultats obtenus sous la forme de rapport et de pr\u00e9sentations orales.<\/h6>\n<\/td>\n<\/tr>\n<\/tbody>\n<\/table>\n","protected":false},"excerpt":{"rendered":"<p>Fatou Colleen Sylla Titre de recherche : RAG de r\u00e9sidus bauxites dans le b\u00e9ton Direction : Prof. Mathieu Fiset Co-direction : Prof. Reza Jafari Aminabadi R\u00f4le : Ma\u00eetrise\/Stagiaire Informations de contact: fcsylla@etu.uqac.ca@uqac.ca Informations de la recherche : La r\u00e9action alcalis-granulats (RAG) est une r\u00e9action chimique qui se produit entre certaines phases r\u00e9actives des granulats et &hellip; <a href=\"https:\/\/recherche.uqac.ca\/r2eau\/fatou-colleen-sylla\/\" class=\"more-link\">Continue reading <span class=\"screen-reader-text\">Fatou Colleen Sylla<\/span> <span class=\"meta-nav\">&rarr;<\/span><\/a><\/p>\n","protected":false},"author":39,"featured_media":0,"parent":0,"menu_order":0,"comment_status":"closed","ping_status":"closed","template":"","meta":{"footnotes":""},"_links":{"self":[{"href":"https:\/\/recherche.uqac.ca\/r2eau\/wp-json\/wp\/v2\/pages\/448"}],"collection":[{"href":"https:\/\/recherche.uqac.ca\/r2eau\/wp-json\/wp\/v2\/pages"}],"about":[{"href":"https:\/\/recherche.uqac.ca\/r2eau\/wp-json\/wp\/v2\/types\/page"}],"author":[{"embeddable":true,"href":"https:\/\/recherche.uqac.ca\/r2eau\/wp-json\/wp\/v2\/users\/39"}],"replies":[{"embeddable":true,"href":"https:\/\/recherche.uqac.ca\/r2eau\/wp-json\/wp\/v2\/comments?post=448"}],"version-history":[{"count":2,"href":"https:\/\/recherche.uqac.ca\/r2eau\/wp-json\/wp\/v2\/pages\/448\/revisions"}],"predecessor-version":[{"id":452,"href":"https:\/\/recherche.uqac.ca\/r2eau\/wp-json\/wp\/v2\/pages\/448\/revisions\/452"}],"wp:attachment":[{"href":"https:\/\/recherche.uqac.ca\/r2eau\/wp-json\/wp\/v2\/media?parent=448"}],"curies":[{"name":"wp","href":"https:\/\/api.w.org\/{rel}","templated":true}]}}