{"id":471,"date":"2025-04-09T20:29:52","date_gmt":"2025-04-09T19:29:52","guid":{"rendered":"https:\/\/recherche.uqac.ca\/r2eau\/?page_id=471"},"modified":"2025-04-09T20:35:23","modified_gmt":"2025-04-09T19:35:23","slug":"emilie-garneau","status":"publish","type":"page","link":"https:\/\/recherche.uqac.ca\/r2eau\/emilie-garneau\/","title":{"rendered":"\u00c9milie Garneau"},"content":{"rendered":"<table style=\"width: 1109px;height: 215px\">\n<tbody>\n<tr>\n<td>\n<h1 style=\"color: #24890d;font-family: verdana;text-align: center\">\u00c9milie Garneau<\/h1>\n<p style=\"text-align: center\"><a href=\"https:\/\/recherche.uqac.ca\/r2eau\/wp-content\/uploads\/sites\/11\/2025\/04\/Emilie-Garneau-2.jpg\"><img loading=\"lazy\" decoding=\"async\" class=\"alignnone wp-image-475 size-full\" src=\"https:\/\/recherche.uqac.ca\/r2eau\/wp-content\/uploads\/sites\/11\/2025\/04\/Emilie-Garneau-2.jpg\" alt=\"\" width=\"464\" height=\"677\" srcset=\"https:\/\/recherche.uqac.ca\/r2eau\/wp-content\/uploads\/sites\/11\/2025\/04\/Emilie-Garneau-2.jpg 464w, https:\/\/recherche.uqac.ca\/r2eau\/wp-content\/uploads\/sites\/11\/2025\/04\/Emilie-Garneau-2-206x300.jpg 206w\" sizes=\"(max-width: 464px) 100vw, 464px\" \/><\/a><\/p>\n<h5 style=\"text-align: center\">D\u00e9velopper un b\u00e9ton \u00e0 base de r\u00e9sidus de bauxite et analyser son comportement structural pour fin de tuyau de b\u00e9ton d&#8217;infrastructure urbaine<\/h5>\n<h5 style=\"text-align: left\"><span style=\"color: #008000\"><strong>Direction :<\/strong><\/span> Dr. Mathieu Fiset<\/h5>\n<h5 style=\"text-align: left\"><span style=\"color: #008000\"><strong>Co-direction :<\/strong><\/span> Dr. Guy Simard<\/h5>\n<h5 style=\"text-align: left\"><span style=\"color: #008000\">R\u00f4le : <\/span>Ma\u00eetrise<\/h5>\n<h5><span style=\"color: #008000\">Informations de contact : <\/span><span style=\"color: #0000ff\"><a style=\"color: #0000ff\" href=\"egarneau2@etu.uqac.ca\" target=\"_blank\" rel=\"noopener\">egarneau2@etu.uqac.ca<\/a><\/span><\/h5>\n<h6 style=\"text-align: justify\"><span style=\"color: #008000\"><strong>Informations de la recherche :<\/strong><\/span> Avec approximativement 1 m\u00b3\/habitant fabriqu\u00e9 dans le monde annuellement, le b\u00e9ton est le mat\u00e9riau de construction le plus utilis\u00e9. En raison d\u2019environ une tonne de gaz \u00e0 effet de serres (GES) d\u00e9gag\u00e9s par la production d\u2019une tonne de ciment, ce constituant est le principal responsable des GES associ\u00e9s au b\u00e9ton. En r\u00e9ponse \u00e0 la crise climatique et aux exigences du d\u00e9veloppement durable, de nouveaux b\u00e9tons plus \u00e9cologiques doivent \u00eatre d\u00e9velopp\u00e9s afin d\u2019atteindre les objectifs canadiens d\u2019une industrie du b\u00e9ton carboneutre. Le pr\u00e9sent projet s\u2019inscrit donc en r\u00e9ponse \u00e0 ces enjeux et vise \u00e0 d\u00e9velopper un b\u00e9ton de construction valorisant un r\u00e9sidu minier (le r\u00e9sidu de bauxite). \u00c0 terme, un mod\u00e8le m\u00e9canique et une m\u00e9thode de conception pour les poutres de b\u00e9ton enrichi de r\u00e9sidus miniers pourront \u00eatre d\u00e9velopp\u00e9s et inclus dans les normes de construction. \u00c9galement, avec le d\u00e9veloppement de ce b\u00e9ton \u00e9cologique, une grande proportion des r\u00e9sidus miniers pourra \u00eatre valoris\u00e9e plut\u00f4t que stock\u00e9e, r\u00e9duisant les impacts \u00e9conomiques, sociaux et environnementaux majeurs pour les Canadiens et Canadiennes des r\u00e9gions concern\u00e9es, dans une perspective de d\u00e9veloppement durable et d\u2019atteinte des objectifs canadiens de d\u00e9carbonisation de l\u2019industrie du b\u00e9ton.<\/h6>\n<\/td>\n<\/tr>\n<\/tbody>\n<\/table>\n","protected":false},"excerpt":{"rendered":"<p>\u00c9milie Garneau D\u00e9velopper un b\u00e9ton \u00e0 base de r\u00e9sidus de bauxite et analyser son comportement structural pour fin de tuyau de b\u00e9ton d&#8217;infrastructure urbaine Direction : Dr. Mathieu Fiset Co-direction : Dr. Guy Simard R\u00f4le : Ma\u00eetrise Informations de contact : egarneau2@etu.uqac.ca Informations de la recherche : Avec approximativement 1 m\u00b3\/habitant fabriqu\u00e9 dans le monde &hellip; <a href=\"https:\/\/recherche.uqac.ca\/r2eau\/emilie-garneau\/\" class=\"more-link\">Continue reading <span class=\"screen-reader-text\">\u00c9milie Garneau<\/span> <span class=\"meta-nav\">&rarr;<\/span><\/a><\/p>\n","protected":false},"author":39,"featured_media":0,"parent":0,"menu_order":0,"comment_status":"closed","ping_status":"closed","template":"","meta":{"footnotes":""},"_links":{"self":[{"href":"https:\/\/recherche.uqac.ca\/r2eau\/wp-json\/wp\/v2\/pages\/471"}],"collection":[{"href":"https:\/\/recherche.uqac.ca\/r2eau\/wp-json\/wp\/v2\/pages"}],"about":[{"href":"https:\/\/recherche.uqac.ca\/r2eau\/wp-json\/wp\/v2\/types\/page"}],"author":[{"embeddable":true,"href":"https:\/\/recherche.uqac.ca\/r2eau\/wp-json\/wp\/v2\/users\/39"}],"replies":[{"embeddable":true,"href":"https:\/\/recherche.uqac.ca\/r2eau\/wp-json\/wp\/v2\/comments?post=471"}],"version-history":[{"count":3,"href":"https:\/\/recherche.uqac.ca\/r2eau\/wp-json\/wp\/v2\/pages\/471\/revisions"}],"predecessor-version":[{"id":473,"href":"https:\/\/recherche.uqac.ca\/r2eau\/wp-json\/wp\/v2\/pages\/471\/revisions\/473"}],"wp:attachment":[{"href":"https:\/\/recherche.uqac.ca\/r2eau\/wp-json\/wp\/v2\/media?parent=471"}],"curies":[{"name":"wp","href":"https:\/\/api.w.org\/{rel}","templated":true}]}}