{"id":481,"date":"2025-04-09T21:45:54","date_gmt":"2025-04-09T20:45:54","guid":{"rendered":"https:\/\/recherche.uqac.ca\/r2eau\/?page_id=481"},"modified":"2025-04-10T15:15:54","modified_gmt":"2025-04-10T14:15:54","slug":"jahanpour-monfared","status":"publish","type":"page","link":"https:\/\/recherche.uqac.ca\/r2eau\/jahanpour-monfared\/","title":{"rendered":"Jahanpour Monfared"},"content":{"rendered":"<table style=\"width: 1109px;height: 215px\">\n<tbody>\n<tr>\n<td>\n<h1 style=\"color: #24890d;font-family: verdana;text-align: center\">Jahanpour Mofared<\/h1>\n<p style=\"text-align: center\"><a href=\"https:\/\/recherche.uqac.ca\/r2eau\/wp-content\/uploads\/sites\/11\/2025\/04\/Jahanpour-scaled.jpg\"><img loading=\"lazy\" decoding=\"async\" class=\"alignnone size-large wp-image-478\" src=\"https:\/\/recherche.uqac.ca\/r2eau\/wp-content\/uploads\/sites\/11\/2025\/04\/Jahanpour-683x1024.jpg\" alt=\"\" width=\"474\" height=\"711\" srcset=\"https:\/\/recherche.uqac.ca\/r2eau\/wp-content\/uploads\/sites\/11\/2025\/04\/Jahanpour-683x1024.jpg 683w, https:\/\/recherche.uqac.ca\/r2eau\/wp-content\/uploads\/sites\/11\/2025\/04\/Jahanpour-200x300.jpg 200w, https:\/\/recherche.uqac.ca\/r2eau\/wp-content\/uploads\/sites\/11\/2025\/04\/Jahanpour-768x1152.jpg 768w, https:\/\/recherche.uqac.ca\/r2eau\/wp-content\/uploads\/sites\/11\/2025\/04\/Jahanpour-1024x1536.jpg 1024w, https:\/\/recherche.uqac.ca\/r2eau\/wp-content\/uploads\/sites\/11\/2025\/04\/Jahanpour-1365x2048.jpg 1365w, https:\/\/recherche.uqac.ca\/r2eau\/wp-content\/uploads\/sites\/11\/2025\/04\/Jahanpour-scaled.jpg 1707w\" sizes=\"(max-width: 474px) 100vw, 474px\" \/><\/a><\/p>\n<h5 style=\"text-align: center\">Aborder les r\u00e9gions potentiellement sujettes \u00e0 l&#8217;\u00e9rosion interne sur le terrain : une \u00e9tude de cas de Bersimis-2<\/h5>\n<h5 style=\"text-align: left\"><span style=\"color: #008000\"><strong>Direction :<\/strong><\/span> Dr. Jean C\u00f4t\u00e9 (Universit\u00e9 Laval)<\/h5>\n<h5 style=\"text-align: left\"><span style=\"color: #008000\"><strong>Co-direction :<\/strong><\/span> Dr. Maxime Claprood<\/h5>\n<h5 style=\"text-align: left\"><span style=\"color: #008000\">R\u00f4le : <\/span>Doctorat<\/h5>\n<h5><span style=\"color: #008000\">Informations de contact : <\/span><span style=\"color: #0000ff\"><a style=\"color: #0000ff\" href=\"jahanpour.monfared.1@ulaval.ca\" target=\"_blank\" rel=\"noopener\">jahanpour.monfared.1@ulaval.ca<\/a><\/span><\/h5>\n<h6 style=\"text-align: justify\"><span style=\"color: #008000\"><strong>Informations de la recherche :<\/strong><\/span> Ses recherches portent sur le d\u00e9veloppement d\u2019une m\u00e9thode hybride pour r\u00e9soudre le probl\u00e8me d\u2019\u00e9rosion interne (\u00e9rosion r\u00e9gressive du conduit). Nous \u00e9tudions le cas du barrage en remblai Bersimis-2, qui souffre d\u2019\u00e9rosion interne depuis des d\u00e9cennies. Diff\u00e9rentes m\u00e9thodes de calibration de mod\u00e8les hydrog\u00e9ologiques (m\u00e9thodes inverses) sont envisag\u00e9es pour donner une id\u00e9e r\u00e9aliste de la stratification des couches.<\/h6>\n<\/td>\n<\/tr>\n<\/tbody>\n<\/table>\n","protected":false},"excerpt":{"rendered":"<p>Jahanpour Mofared Aborder les r\u00e9gions potentiellement sujettes \u00e0 l&#8217;\u00e9rosion interne sur le terrain : une \u00e9tude de cas de Bersimis-2 Direction : Dr. Jean C\u00f4t\u00e9 (Universit\u00e9 Laval) Co-direction : Dr. Maxime Claprood R\u00f4le : Doctorat Informations de contact : jahanpour.monfared.1@ulaval.ca Informations de la recherche : Ses recherches portent sur le d\u00e9veloppement d\u2019une m\u00e9thode hybride pour &hellip; <a href=\"https:\/\/recherche.uqac.ca\/r2eau\/jahanpour-monfared\/\" class=\"more-link\">Continue reading <span class=\"screen-reader-text\">Jahanpour Monfared<\/span> <span class=\"meta-nav\">&rarr;<\/span><\/a><\/p>\n","protected":false},"author":39,"featured_media":0,"parent":0,"menu_order":0,"comment_status":"closed","ping_status":"closed","template":"","meta":{"footnotes":""},"_links":{"self":[{"href":"https:\/\/recherche.uqac.ca\/r2eau\/wp-json\/wp\/v2\/pages\/481"}],"collection":[{"href":"https:\/\/recherche.uqac.ca\/r2eau\/wp-json\/wp\/v2\/pages"}],"about":[{"href":"https:\/\/recherche.uqac.ca\/r2eau\/wp-json\/wp\/v2\/types\/page"}],"author":[{"embeddable":true,"href":"https:\/\/recherche.uqac.ca\/r2eau\/wp-json\/wp\/v2\/users\/39"}],"replies":[{"embeddable":true,"href":"https:\/\/recherche.uqac.ca\/r2eau\/wp-json\/wp\/v2\/comments?post=481"}],"version-history":[{"count":2,"href":"https:\/\/recherche.uqac.ca\/r2eau\/wp-json\/wp\/v2\/pages\/481\/revisions"}],"predecessor-version":[{"id":484,"href":"https:\/\/recherche.uqac.ca\/r2eau\/wp-json\/wp\/v2\/pages\/481\/revisions\/484"}],"wp:attachment":[{"href":"https:\/\/recherche.uqac.ca\/r2eau\/wp-json\/wp\/v2\/media?parent=481"}],"curies":[{"name":"wp","href":"https:\/\/api.w.org\/{rel}","templated":true}]}}