{"id":485,"date":"2025-04-11T13:46:09","date_gmt":"2025-04-11T12:46:09","guid":{"rendered":"https:\/\/recherche.uqac.ca\/r2eau\/?page_id=485"},"modified":"2025-04-11T15:40:39","modified_gmt":"2025-04-11T14:40:39","slug":"othniel-glodie-dominique-ngombe","status":"publish","type":"page","link":"https:\/\/recherche.uqac.ca\/r2eau\/othniel-glodie-dominique-ngombe\/","title":{"rendered":"Othniel Glodie Dominique Ngombe"},"content":{"rendered":"<table style=\"width: 1109px;height: 215px\">\n<tbody>\n<tr>\n<td>\n<h1 style=\"color: #24890d;font-family: verdana;text-align: center\">Othniel Glodie Dominique Ngombe<\/h1>\n<p style=\"text-align: center\"><a href=\"https:\/\/recherche.uqac.ca\/r2eau\/wp-content\/uploads\/sites\/11\/2025\/04\/Dominique.png\"><img loading=\"lazy\" decoding=\"async\" class=\"alignnone size-large wp-image-486\" src=\"https:\/\/recherche.uqac.ca\/r2eau\/wp-content\/uploads\/sites\/11\/2025\/04\/Dominique-1024x1024.png\" alt=\"\" width=\"474\" height=\"474\" srcset=\"https:\/\/recherche.uqac.ca\/r2eau\/wp-content\/uploads\/sites\/11\/2025\/04\/Dominique-1024x1024.png 1024w, https:\/\/recherche.uqac.ca\/r2eau\/wp-content\/uploads\/sites\/11\/2025\/04\/Dominique-300x300.png 300w, https:\/\/recherche.uqac.ca\/r2eau\/wp-content\/uploads\/sites\/11\/2025\/04\/Dominique-150x150.png 150w, https:\/\/recherche.uqac.ca\/r2eau\/wp-content\/uploads\/sites\/11\/2025\/04\/Dominique-768x768.png 768w, https:\/\/recherche.uqac.ca\/r2eau\/wp-content\/uploads\/sites\/11\/2025\/04\/Dominique-1536x1536.png 1536w, https:\/\/recherche.uqac.ca\/r2eau\/wp-content\/uploads\/sites\/11\/2025\/04\/Dominique-2048x2048.png 2048w\" sizes=\"(max-width: 474px) 100vw, 474px\" \/><\/a><\/p>\n<h5 style=\"text-align: center\">Marqueur spatio-temporel des saumures continentales<\/h5>\n<h5 style=\"text-align: left\"><span style=\"color: #008000\"><strong>Direction:<\/strong><\/span> Dr. Julien Walter<\/h5>\n<h5 style=\"text-align: left\"><span style=\"color: #008000\"><strong>Co-direction:<\/strong><\/span> Dr. Romain Chesnaux, Dr. John Molson (Universit\u00e9 Laval)<\/h5>\n<h5 style=\"text-align: left\"><span style=\"color: #008000\">R\u00f4le :<\/span> Doctorant<\/h5>\n<h5><span style=\"color: #008000\">Informations de contact: <\/span><a href=\"mailto:ogngombe@etu.uqac.ca\"><span style=\"color: #0000ff\">ogngombe@etu.uqac.ca<\/span><\/a><\/h5>\n<h6 style=\"text-align: justify\"><span style=\"color: #008000\"><strong>Informations de la recherche :<\/strong><\/span> La compr\u00e9hension des processus hydrog\u00e9ochimiques \u00e0 l\u2019origine de la formation des saumures continentales et leur \u00e9volution \u00e0 travers l&#8217;espace et le temps est sujette \u00e0 d\u00e9bat. En effet, la superposition de ces processus qui se d\u00e9roulent sur des \u00e9chelles de temps g\u00e9ologiques rend leur identification complexe.\u00a0Ce projet doctoral explore l\u2019hypoth\u00e8se selon laquelle les saumures pr\u00e9cambriennes et ordoviciennes poss\u00e8dent des trajectoires \u00e9volutives distinctes, influenc\u00e9es par la g\u00e9ologie, le temps de r\u00e9sidence et les conditions d\u2019\u00e9coulement souterrain. Pour ce faire, trois approches compl\u00e9mentaires ont \u00e9t\u00e9 mobilis\u00e9es : (1) une analyse multivari\u00e9e sur des donn\u00e9es internationales de saumures pour identifier les tendances \u00e9volutives propres aux milieux cristallins et s\u00e9dimentaires ; (2) une mod\u00e9lisation num\u00e9rique en 2D testant le r\u00f4le des failles du graben du Saguenay sur la remont\u00e9e de saumures profondes ; (3) une caract\u00e9risation isotopique des \u00e9chantillons sal\u00e9s provenant des aquif\u00e8res fractur\u00e9s r\u00e9gionaux pour diff\u00e9rencier les apports anciens et r\u00e9cents.\u00a0Ce cadre conceptuel, fond\u00e9 sur le mod\u00e8le d\u2019\u00e9coulement gravitaire de T\u00f3th, met en relation la chimie de l\u2019eau souterraine, la chimie et la structure du milieu g\u00e9ologique et les trajectoires d\u2019\u00e9coulement. Les r\u00e9sultats renforcent la compr\u00e9hension de la dynamique de m\u00e9lange et des processus hydrog\u00e9ochimiques modifiant la qualit\u00e9 des eaux souterraines dans les aquif\u00e8res fractur\u00e9s du Saguenay\u2013Lac-Saint-Jean.<\/h6>\n<\/td>\n<\/tr>\n<\/tbody>\n<\/table>\n","protected":false},"excerpt":{"rendered":"<p>Othniel Glodie Dominique Ngombe Marqueur spatio-temporel des saumures continentales Direction: Dr. Julien Walter Co-direction: Dr. Romain Chesnaux, Dr. John Molson (Universit\u00e9 Laval) R\u00f4le : Doctorant Informations de contact: ogngombe@etu.uqac.ca Informations de la recherche : La compr\u00e9hension des processus hydrog\u00e9ochimiques \u00e0 l\u2019origine de la formation des saumures continentales et leur \u00e9volution \u00e0 travers l&#8217;espace et le &hellip; <a href=\"https:\/\/recherche.uqac.ca\/r2eau\/othniel-glodie-dominique-ngombe\/\" class=\"more-link\">Continue reading <span class=\"screen-reader-text\">Othniel Glodie Dominique Ngombe<\/span> <span class=\"meta-nav\">&rarr;<\/span><\/a><\/p>\n","protected":false},"author":39,"featured_media":0,"parent":0,"menu_order":0,"comment_status":"closed","ping_status":"closed","template":"","meta":{"footnotes":""},"_links":{"self":[{"href":"https:\/\/recherche.uqac.ca\/r2eau\/wp-json\/wp\/v2\/pages\/485"}],"collection":[{"href":"https:\/\/recherche.uqac.ca\/r2eau\/wp-json\/wp\/v2\/pages"}],"about":[{"href":"https:\/\/recherche.uqac.ca\/r2eau\/wp-json\/wp\/v2\/types\/page"}],"author":[{"embeddable":true,"href":"https:\/\/recherche.uqac.ca\/r2eau\/wp-json\/wp\/v2\/users\/39"}],"replies":[{"embeddable":true,"href":"https:\/\/recherche.uqac.ca\/r2eau\/wp-json\/wp\/v2\/comments?post=485"}],"version-history":[{"count":4,"href":"https:\/\/recherche.uqac.ca\/r2eau\/wp-json\/wp\/v2\/pages\/485\/revisions"}],"predecessor-version":[{"id":501,"href":"https:\/\/recherche.uqac.ca\/r2eau\/wp-json\/wp\/v2\/pages\/485\/revisions\/501"}],"wp:attachment":[{"href":"https:\/\/recherche.uqac.ca\/r2eau\/wp-json\/wp\/v2\/media?parent=485"}],"curies":[{"name":"wp","href":"https:\/\/api.w.org\/{rel}","templated":true}]}}