{"id":489,"date":"2025-04-11T14:37:45","date_gmt":"2025-04-11T13:37:45","guid":{"rendered":"https:\/\/recherche.uqac.ca\/r2eau\/?page_id=489"},"modified":"2026-01-12T01:46:41","modified_gmt":"2026-01-12T00:46:41","slug":"martine-chabot","status":"publish","type":"page","link":"https:\/\/recherche.uqac.ca\/r2eau\/martine-chabot\/","title":{"rendered":"Martine Chabot"},"content":{"rendered":"<table style=\"width: 1109px;height: 215px\">\n<tbody>\n<tr>\n<td>\n<h1 style=\"color: #24890d;font-family: verdana;text-align: center\">Martine Chabot, .ing<\/h1>\n<p><a href=\"https:\/\/recherche.uqac.ca\/r2eau\/wp-content\/uploads\/sites\/11\/2026\/01\/Martine-Chabot-scaled.jpg\"><img loading=\"lazy\" decoding=\"async\" class=\"aligncenter wp-image-616 size-large\" src=\"https:\/\/recherche.uqac.ca\/r2eau\/wp-content\/uploads\/sites\/11\/2026\/01\/Martine-Chabot-scaled-e1768178790941-753x1024.jpg\" alt=\"\" width=\"474\" height=\"645\" srcset=\"https:\/\/recherche.uqac.ca\/r2eau\/wp-content\/uploads\/sites\/11\/2026\/01\/Martine-Chabot-scaled-e1768178790941-753x1024.jpg 753w, https:\/\/recherche.uqac.ca\/r2eau\/wp-content\/uploads\/sites\/11\/2026\/01\/Martine-Chabot-scaled-e1768178790941-221x300.jpg 221w, https:\/\/recherche.uqac.ca\/r2eau\/wp-content\/uploads\/sites\/11\/2026\/01\/Martine-Chabot-scaled-e1768178790941-768x1044.jpg 768w, https:\/\/recherche.uqac.ca\/r2eau\/wp-content\/uploads\/sites\/11\/2026\/01\/Martine-Chabot-scaled-e1768178790941-1130x1536.jpg 1130w, https:\/\/recherche.uqac.ca\/r2eau\/wp-content\/uploads\/sites\/11\/2026\/01\/Martine-Chabot-scaled-e1768178790941.jpg 1412w\" sizes=\"(max-width: 474px) 100vw, 474px\" \/><\/a><\/p>\n<h5 style=\"text-align: center\">Mod\u00e9lisation d\u2019un glissement de terrain, am\u00e9nagement hydro-\u00e9lectrique de Bersimis-2, digue 2<\/h5>\n<h5 style=\"text-align: left\"><span style=\"color: #008000\"><strong>Direction :<\/strong><\/span> Dr. Ali Saeidi, ing. Ph.D.<\/h5>\n<h5 style=\"text-align: left\"><span style=\"color: #008000\"><strong>Co-direction :<\/strong><\/span> Dr. Jean-S\u00e9bastien l\u2019Heureux, ing. Ph.D. (Institut norv\u00e9gien de g\u00e9otechnique)<\/h5>\n<h5 style=\"text-align: left\"><span style=\"color: #008000\">R\u00f4le : <\/span>Ma\u00eetrise<\/h5>\n<h5><span style=\"color: #008000\">Informations de contact : <\/span><a href=\"mailto:mchabot@etu.uqac.ca\"><span style=\"color: #0000ff\">mchabot@etu.uqac.ca<\/span><\/a>, <a href=\"mailto:Chabot.Martine@hydroquebec.com\"><span style=\"color: #0000ff\">Chabot.Martine@hydroquebec.com<\/span><\/a><\/h5>\n<h6 style=\"text-align: justify\"><span style=\"color: #008000\"><strong>Informations de la recherche :<\/strong><\/span> Le projet de ma\u00eetrise de Martine Chabot, ing\u00e9nieure en g\u00e9nie g\u00e9ologique, consiste \u00e0 \u00e9valuer la possibilit\u00e9 d&#8217;un glissement de terrain r\u00e9trogressif et \u00e0 d\u00e9terminer la distance de r\u00e9trogression et d&#8217;\u00e9talement du glissement par mod\u00e9lisation sur un site appartenant \u00e0 Hydro-Qu\u00e9bec, localis\u00e9 sur la C\u00f4te-Nord. L&#8217;objectif principal est de comprendre les m\u00e9canismes de rupture progressive de ce type de glissement de terrain dans les argiles sensibles. Le site \u00e0 l&#8217;\u00e9tude a \u00e9t\u00e9 choisi en raison de sa documentation exhaustive et de la quantit\u00e9 importante de donn\u00e9es de terrain (forages, sondages au pi\u00e9zoc\u00f4ne, donn\u00e9es pi\u00e9zom\u00e9triques, relev\u00e9s topographiques, etc.) et de donn\u00e9es de laboratoire disponibles pour atteindre les objectifs du projet. La m\u00e9thodologie inclut l&#8217;interpr\u00e9tation des caract\u00e9ristiques g\u00e9ologiques, g\u00e9otechniques et hydrog\u00e9ologiques du site, la r\u00e9alisation d&#8217;une \u00e9tude g\u00e9omorphologique, ainsi que l&#8217;utilisation de donn\u00e9es int\u00e9gr\u00e9es \u00e0 des mod\u00e8les num\u00e9riques pour valider ou modifier les caract\u00e9ristiques g\u00e9otechniques des sols et les conditions hydrog\u00e9ologiques par r\u00e9tro-analyses. Ce projet aura un impact sur la gestion des risques chez Hydro-Qu\u00e9bec et pour tout autre propri\u00e9taire d&#8217;ouvrages sensibles expos\u00e9s \u00e0 des risques de glissements de terrain r\u00e9trogressifs. Les recherches peuvent aider \u00e0 mieux comprendre les m\u00e9canismes des glissements de terrain, permettant ainsi de d\u00e9velopper des syst\u00e8mes d&#8217;alerte pr\u00e9coce et des strat\u00e9gies de pr\u00e9vention plus efficaces.<\/h6>\n<\/td>\n<\/tr>\n<\/tbody>\n<\/table>\n","protected":false},"excerpt":{"rendered":"<p>Martine Chabot, .ing Mod\u00e9lisation d\u2019un glissement de terrain, am\u00e9nagement hydro-\u00e9lectrique de Bersimis-2, digue 2 Direction : Dr. Ali Saeidi, ing. Ph.D. Co-direction : Dr. Jean-S\u00e9bastien l\u2019Heureux, ing. Ph.D. (Institut norv\u00e9gien de g\u00e9otechnique) R\u00f4le : Ma\u00eetrise Informations de contact : mchabot@etu.uqac.ca, Chabot.Martine@hydroquebec.com Informations de la recherche : Le projet de ma\u00eetrise de Martine Chabot, ing\u00e9nieure en &hellip; <a href=\"https:\/\/recherche.uqac.ca\/r2eau\/martine-chabot\/\" class=\"more-link\">Continue reading <span class=\"screen-reader-text\">Martine Chabot<\/span> <span class=\"meta-nav\">&rarr;<\/span><\/a><\/p>\n","protected":false},"author":39,"featured_media":0,"parent":0,"menu_order":0,"comment_status":"closed","ping_status":"closed","template":"","meta":{"footnotes":""},"_links":{"self":[{"href":"https:\/\/recherche.uqac.ca\/r2eau\/wp-json\/wp\/v2\/pages\/489"}],"collection":[{"href":"https:\/\/recherche.uqac.ca\/r2eau\/wp-json\/wp\/v2\/pages"}],"about":[{"href":"https:\/\/recherche.uqac.ca\/r2eau\/wp-json\/wp\/v2\/types\/page"}],"author":[{"embeddable":true,"href":"https:\/\/recherche.uqac.ca\/r2eau\/wp-json\/wp\/v2\/users\/39"}],"replies":[{"embeddable":true,"href":"https:\/\/recherche.uqac.ca\/r2eau\/wp-json\/wp\/v2\/comments?post=489"}],"version-history":[{"count":5,"href":"https:\/\/recherche.uqac.ca\/r2eau\/wp-json\/wp\/v2\/pages\/489\/revisions"}],"predecessor-version":[{"id":617,"href":"https:\/\/recherche.uqac.ca\/r2eau\/wp-json\/wp\/v2\/pages\/489\/revisions\/617"}],"wp:attachment":[{"href":"https:\/\/recherche.uqac.ca\/r2eau\/wp-json\/wp\/v2\/media?parent=489"}],"curies":[{"name":"wp","href":"https:\/\/api.w.org\/{rel}","templated":true}]}}