{"id":52,"date":"2020-07-02T14:21:46","date_gmt":"2020-07-02T13:21:46","guid":{"rendered":"https:\/\/recherche.uqac.ca\/r2eau\/?page_id=52"},"modified":"2026-01-30T18:33:54","modified_gmt":"2026-01-30T17:33:54","slug":"introduction","status":"publish","type":"page","link":"https:\/\/recherche.uqac.ca\/r2eau\/","title":{"rendered":"Introduction"},"content":{"rendered":"<p><a href=\"https:\/\/recherche.uqac.ca\/r2eau\/wp-content\/uploads\/sites\/11\/2020\/07\/LOGO_R2Eau.png\" target=\"_blank\" rel=\"https:\/\/recherche.uqac.ca\/r2eau\/wp-content\/uploads\/sites\/11\/2020\/07\/LOGO_R2Eau.png noopener\"><img loading=\"lazy\" decoding=\"async\" class=\"aligncenter wp-image-262 \" src=\"https:\/\/recherche.uqac.ca\/r2eau\/wp-content\/uploads\/sites\/11\/2020\/07\/LOGO_R2Eau-1024x207.png\" alt=\"R2Eau _Risque ressource Eau \" width=\"597\" height=\"121\" srcset=\"https:\/\/recherche.uqac.ca\/r2eau\/wp-content\/uploads\/sites\/11\/2020\/07\/LOGO_R2Eau-1024x207.png 1024w, https:\/\/recherche.uqac.ca\/r2eau\/wp-content\/uploads\/sites\/11\/2020\/07\/LOGO_R2Eau-300x61.png 300w, https:\/\/recherche.uqac.ca\/r2eau\/wp-content\/uploads\/sites\/11\/2020\/07\/LOGO_R2Eau.png 1651w\" sizes=\"(max-width: 597px) 100vw, 597px\" \/><\/a><\/p>\n<h6 style=\"font-family: verdana;text-align: justify\"><strong>Le groupe de recherche R2Eau<\/strong> se donne comme mission de d\u00e9velopper la recherche et la formation de personnel hautement qualifi\u00e9 (PHQ) dans les domaines de l\u2019hydrog\u00e9ologie, de l\u2019hydrologie, de la g\u00e9om\u00e9canique et de l\u2019analyse des risques naturels.<\/h6>\n<h5><strong style=\"color: #24890d;font-family: verdana;text-align: center\">Les objectifs poursuivis par le groupe sont de:<\/strong><\/h5>\n<h6 style=\"text-align: justify\"><strong>1-<\/strong> d\u00e9velopper et structurer les activit\u00e9s de recherche dans le domaine des risques li\u00e9s \u00e0 la ressource eau<\/h6>\n<h6 style=\"text-align: justify\"><strong>2-<\/strong> mettre en commun des ressources et des expertises de professeurs et chercheurs r\u00e9guliers du DSA et du DSH afin de cr\u00e9er une synergie structurante;<\/h6>\n<h6 style=\"text-align: justify\"><strong>3-<\/strong> favoriser l\u2019attrait pour la formation de PHQ dans ce domaine pour assurer une rel\u00e8ve scientifique comp\u00e9tente et ainsi combler les besoins actuels et futurs.<\/h6>\n<h5 style=\"text-align: justify\"><strong style=\"color: #24890d;font-family: verdana;text-align: center\">La programmation de recherche s\u2019articule autour de 7 axes de recherche :<\/strong><\/h5>\n<h6 style=\"text-align: justify\"><strong>1-<\/strong> Risques associ\u00e9s aux eaux souterraines (protection et pr\u00e9servation des eaux souterraines);<\/h6>\n<h6 style=\"text-align: justify\"><strong>2-\u00a0<\/strong> Risques associ\u00e9s aux inondations et ruptures de barrages;<\/h6>\n<h6 style=\"text-align: justify\"><strong>3-<\/strong> Risques associ\u00e9s aux glissements de terrains et \u00e0 la stabilit\u00e9 des massifs rocheux;<\/h6>\n<h6 style=\"text-align: justify\"><strong>4-<\/strong> Risques associ\u00e9s \u00e0 l\u2019\u00e9rosion et \u00e0 l\u2019ensablement;<\/h6>\n<h6 style=\"text-align: justify\"><strong>5-<\/strong> Risques et impacts sociaux reli\u00e9s \u00e0 l\u2019eau souterraine;<\/h6>\n<h6 style=\"text-align: justify\"><strong>6-<\/strong> Historique et pr\u00e9vision des risques et<\/h6>\n<h6 style=\"text-align: justify\"><strong>7-<\/strong> \u00c9laboration d\u2019outils math\u00e9matiques pour la quantification du risque.<\/h6>\n<h5 style=\"text-align: justify\"><strong style=\"color: #24890d;font-family: verdana;text-align: center\">La programmation des rencontres pour la session d&#8217;hiver 2025<\/strong><\/h5>\n<p><strong>Les vendredis (deuxi\u00e8me vendredi du mois sauf en novembre) de 13h \u00e0 16h15.<\/strong><\/p>\n<p><strong>LOCAL<\/strong> : P1-5000<\/p>\n<p><strong>Lien pour vous connecter\u00a0<\/strong>: <span style=\"color: #0000ff\"><a style=\"color: #0000ff\" href=\"https:\/\/uqac.zoom.us\/j\/6677203960?pwd=bk93dlJUMGhEcEZYOXZXMkM2OUNvZz09\">https:\/\/uqac.zoom.us\/j\/6677203960?pwd=bk93dlJUMGhEcEZYOXZXMkM2OUNvZz09<\/a><\/span><\/p>\n<p><a href=\"https:\/\/recherche.uqac.ca\/r2eau\/wp-content\/uploads\/sites\/11\/2026\/01\/Horaire-H2026.jpg\"><img loading=\"lazy\" decoding=\"async\" class=\"alignnone size-full wp-image-633\" src=\"https:\/\/recherche.uqac.ca\/r2eau\/wp-content\/uploads\/sites\/11\/2026\/01\/Horaire-H2026.jpg\" alt=\"\" width=\"883\" height=\"455\" srcset=\"https:\/\/recherche.uqac.ca\/r2eau\/wp-content\/uploads\/sites\/11\/2026\/01\/Horaire-H2026.jpg 883w, https:\/\/recherche.uqac.ca\/r2eau\/wp-content\/uploads\/sites\/11\/2026\/01\/Horaire-H2026-300x155.jpg 300w, https:\/\/recherche.uqac.ca\/r2eau\/wp-content\/uploads\/sites\/11\/2026\/01\/Horaire-H2026-768x396.jpg 768w\" sizes=\"(max-width: 883px) 100vw, 883px\" \/><\/a><\/p>\n<h5 style=\"text-align: justify\"><strong style=\"color: #24890d;font-family: verdana;text-align: center\">Les photos du groupe<\/strong><\/h5>\n<p><a href=\"https:\/\/recherche.uqac.ca\/r2eau\/wp-content\/uploads\/sites\/11\/2025\/12\/R2eau-Group-A2025-scaled.jpg\"><img loading=\"lazy\" decoding=\"async\" class=\"alignnone wp-image-565 size-full\" src=\"https:\/\/recherche.uqac.ca\/r2eau\/wp-content\/uploads\/sites\/11\/2025\/12\/R2eau-Group-A2025-scaled.jpg\" alt=\"\" width=\"2560\" height=\"1920\" srcset=\"https:\/\/recherche.uqac.ca\/r2eau\/wp-content\/uploads\/sites\/11\/2025\/12\/R2eau-Group-A2025-scaled.jpg 2560w, https:\/\/recherche.uqac.ca\/r2eau\/wp-content\/uploads\/sites\/11\/2025\/12\/R2eau-Group-A2025-300x225.jpg 300w, https:\/\/recherche.uqac.ca\/r2eau\/wp-content\/uploads\/sites\/11\/2025\/12\/R2eau-Group-A2025-1024x768.jpg 1024w, https:\/\/recherche.uqac.ca\/r2eau\/wp-content\/uploads\/sites\/11\/2025\/12\/R2eau-Group-A2025-768x576.jpg 768w, https:\/\/recherche.uqac.ca\/r2eau\/wp-content\/uploads\/sites\/11\/2025\/12\/R2eau-Group-A2025-1536x1152.jpg 1536w, https:\/\/recherche.uqac.ca\/r2eau\/wp-content\/uploads\/sites\/11\/2025\/12\/R2eau-Group-A2025-2048x1536.jpg 2048w\" sizes=\"(max-width: 2560px) 100vw, 2560px\" \/><\/a><\/p>\n<p style=\"text-align: center\"><em><a href=\"https:\/\/recherche.uqac.ca\/r2eau\/membres-du-groupe\/\" target=\"_blank\" rel=\"noopener\">Membres du groupe en<\/a> 2025-2026 (Automne 2025)<\/em><\/p>\n<p><a href=\"https:\/\/recherche.uqac.ca\/r2eau\/wp-content\/uploads\/sites\/11\/2025\/03\/Photo-H-2025-2-scaled.jpeg\"><img loading=\"lazy\" decoding=\"async\" class=\"alignnone size-full wp-image-469\" src=\"https:\/\/recherche.uqac.ca\/r2eau\/wp-content\/uploads\/sites\/11\/2025\/03\/Photo-H-2025-2-scaled.jpeg\" alt=\"\" width=\"1440\" height=\"2560\" srcset=\"https:\/\/recherche.uqac.ca\/r2eau\/wp-content\/uploads\/sites\/11\/2025\/03\/Photo-H-2025-2-scaled.jpeg 1440w, https:\/\/recherche.uqac.ca\/r2eau\/wp-content\/uploads\/sites\/11\/2025\/03\/Photo-H-2025-2-169x300.jpeg 169w, https:\/\/recherche.uqac.ca\/r2eau\/wp-content\/uploads\/sites\/11\/2025\/03\/Photo-H-2025-2-576x1024.jpeg 576w, https:\/\/recherche.uqac.ca\/r2eau\/wp-content\/uploads\/sites\/11\/2025\/03\/Photo-H-2025-2-768x1365.jpeg 768w, https:\/\/recherche.uqac.ca\/r2eau\/wp-content\/uploads\/sites\/11\/2025\/03\/Photo-H-2025-2-864x1536.jpeg 864w, https:\/\/recherche.uqac.ca\/r2eau\/wp-content\/uploads\/sites\/11\/2025\/03\/Photo-H-2025-2-1152x2048.jpeg 1152w\" sizes=\"(max-width: 1440px) 100vw, 1440px\" \/><\/a><\/p>\n<p style=\"text-align: center\"><em><a href=\"https:\/\/recherche.uqac.ca\/r2eau\/membres-du-groupe\/\" target=\"_blank\" rel=\"noopener\">Membres du groupe en<\/a> 2024-2025<\/em><\/p>\n<p><a href=\"https:\/\/recherche.uqac.ca\/r2eau\/wp-content\/uploads\/sites\/11\/2025\/03\/April-2024-scaled.jpg\"><img loading=\"lazy\" decoding=\"async\" class=\"alignnone size-full wp-image-453\" src=\"https:\/\/recherche.uqac.ca\/r2eau\/wp-content\/uploads\/sites\/11\/2025\/03\/April-2024-scaled.jpg\" alt=\"\" width=\"2560\" height=\"1628\" srcset=\"https:\/\/recherche.uqac.ca\/r2eau\/wp-content\/uploads\/sites\/11\/2025\/03\/April-2024-scaled.jpg 2560w, https:\/\/recherche.uqac.ca\/r2eau\/wp-content\/uploads\/sites\/11\/2025\/03\/April-2024-300x191.jpg 300w, https:\/\/recherche.uqac.ca\/r2eau\/wp-content\/uploads\/sites\/11\/2025\/03\/April-2024-1024x651.jpg 1024w, https:\/\/recherche.uqac.ca\/r2eau\/wp-content\/uploads\/sites\/11\/2025\/03\/April-2024-768x488.jpg 768w, https:\/\/recherche.uqac.ca\/r2eau\/wp-content\/uploads\/sites\/11\/2025\/03\/April-2024-1536x977.jpg 1536w, https:\/\/recherche.uqac.ca\/r2eau\/wp-content\/uploads\/sites\/11\/2025\/03\/April-2024-2048x1302.jpg 2048w\" sizes=\"(max-width: 2560px) 100vw, 2560px\" \/><\/a><\/p>\n<p style=\"text-align: center\"><em><a href=\"https:\/\/recherche.uqac.ca\/r2eau\/membres-du-groupe\/\" target=\"_blank\" rel=\"noopener\">Membres du groupe en<\/a> 2023-2024<\/em><\/p>\n<p><a href=\"https:\/\/recherche.uqac.ca\/r2eau\/wp-content\/uploads\/sites\/11\/2020\/07\/R2Eau-Members.jpg\"><img loading=\"lazy\" decoding=\"async\" class=\"alignnone size-full wp-image-323\" src=\"https:\/\/recherche.uqac.ca\/r2eau\/wp-content\/uploads\/sites\/11\/2020\/07\/R2Eau-Members.jpg\" alt=\"R2Eau-Members\" width=\"800\" height=\"600\" srcset=\"https:\/\/recherche.uqac.ca\/r2eau\/wp-content\/uploads\/sites\/11\/2020\/07\/R2Eau-Members.jpg 800w, https:\/\/recherche.uqac.ca\/r2eau\/wp-content\/uploads\/sites\/11\/2020\/07\/R2Eau-Members-300x225.jpg 300w\" sizes=\"(max-width: 800px) 100vw, 800px\" \/><\/a><\/p>\n<p style=\"text-align: center\"><em><a href=\"https:\/\/recherche.uqac.ca\/r2eau\/membres-du-groupe\/\" target=\"_blank\" rel=\"noopener\">Membres du groupe en<\/a>\u00a02022-2023<\/em><\/p>\n<p style=\"text-align: center\"><em><a href=\"https:\/\/recherche.uqac.ca\/r2eau\/wp-content\/uploads\/sites\/11\/2020\/07\/La-Gp_R2eau-e1593697918658.jpg\" target=\"_blank\" rel=\"noopener\"><img loading=\"lazy\" decoding=\"async\" class=\"aligncenter wp-image-58 size-full\" src=\"https:\/\/recherche.uqac.ca\/r2eau\/wp-content\/uploads\/sites\/11\/2020\/07\/La-Gp_R2eau-e1593697918658.jpg\" alt=\"Groupe de recherche R2Eau 2019-2020\" width=\"1200\" height=\"900\" \/><\/a><a href=\"https:\/\/recherche.uqac.ca\/r2eau\/membres-du-groupe\/\" target=\"_blank\" rel=\"noopener\">Membres du groupe en<\/a> 2019-2020<\/em><\/p>\n<h6 style=\"text-align: justify\"><\/h6>\n","protected":false},"excerpt":{"rendered":"<p>Le groupe de recherche R2Eau se donne comme mission de d\u00e9velopper la recherche et la formation de personnel hautement qualifi\u00e9 (PHQ) dans les domaines de l\u2019hydrog\u00e9ologie, de l\u2019hydrologie, de la g\u00e9om\u00e9canique et de l\u2019analyse des risques naturels. Les objectifs poursuivis par le groupe sont de: 1- d\u00e9velopper et structurer les activit\u00e9s de recherche dans le &hellip; <a href=\"https:\/\/recherche.uqac.ca\/r2eau\/\" class=\"more-link\">Continue reading <span class=\"screen-reader-text\">Introduction<\/span> <span class=\"meta-nav\">&rarr;<\/span><\/a><\/p>\n","protected":false},"author":23,"featured_media":0,"parent":0,"menu_order":0,"comment_status":"closed","ping_status":"closed","template":"","meta":{"footnotes":""},"_links":{"self":[{"href":"https:\/\/recherche.uqac.ca\/r2eau\/wp-json\/wp\/v2\/pages\/52"}],"collection":[{"href":"https:\/\/recherche.uqac.ca\/r2eau\/wp-json\/wp\/v2\/pages"}],"about":[{"href":"https:\/\/recherche.uqac.ca\/r2eau\/wp-json\/wp\/v2\/types\/page"}],"author":[{"embeddable":true,"href":"https:\/\/recherche.uqac.ca\/r2eau\/wp-json\/wp\/v2\/users\/23"}],"replies":[{"embeddable":true,"href":"https:\/\/recherche.uqac.ca\/r2eau\/wp-json\/wp\/v2\/comments?post=52"}],"version-history":[{"count":39,"href":"https:\/\/recherche.uqac.ca\/r2eau\/wp-json\/wp\/v2\/pages\/52\/revisions"}],"predecessor-version":[{"id":634,"href":"https:\/\/recherche.uqac.ca\/r2eau\/wp-json\/wp\/v2\/pages\/52\/revisions\/634"}],"wp:attachment":[{"href":"https:\/\/recherche.uqac.ca\/r2eau\/wp-json\/wp\/v2\/media?parent=52"}],"curies":[{"name":"wp","href":"https:\/\/api.w.org\/{rel}","templated":true}]}}