{"id":527,"date":"2025-04-14T01:38:00","date_gmt":"2025-04-14T00:38:00","guid":{"rendered":"https:\/\/recherche.uqac.ca\/r2eau\/?page_id=527"},"modified":"2025-08-27T02:15:00","modified_gmt":"2025-08-27T01:15:00","slug":"zakari-nana","status":"publish","type":"page","link":"https:\/\/recherche.uqac.ca\/r2eau\/zakari-nana\/","title":{"rendered":"Zakari Nana"},"content":{"rendered":"<table style=\"width: 1109px;height: 215px\">\n<tbody>\n<tr>\n<td>\n<h1 style=\"color: #24890d;font-family: verdana;text-align: center\">Zakari Nana<\/h1>\n<p style=\"text-align: center\"><a href=\"https:\/\/recherche.uqac.ca\/r2eau\/wp-content\/uploads\/sites\/11\/2025\/04\/Zakary-Nana.jpg\"><img loading=\"lazy\" decoding=\"async\" class=\"alignnone size-full wp-image-528\" src=\"https:\/\/recherche.uqac.ca\/r2eau\/wp-content\/uploads\/sites\/11\/2025\/04\/Zakary-Nana.jpg\" alt=\"\" width=\"256\" height=\"360\" srcset=\"https:\/\/recherche.uqac.ca\/r2eau\/wp-content\/uploads\/sites\/11\/2025\/04\/Zakary-Nana.jpg 256w, https:\/\/recherche.uqac.ca\/r2eau\/wp-content\/uploads\/sites\/11\/2025\/04\/Zakary-Nana-213x300.jpg 213w\" sizes=\"(max-width: 256px) 100vw, 256px\" \/><\/a><\/p>\n<h5 style=\"text-align: center\">Impact de la r\u00e9action alcalis silice sur l&#8217;enchev\u00eatrement des granulats<\/h5>\n<h5 style=\"text-align: left\"><span style=\"color: #008000\"><strong>Direction :<\/strong><\/span> Dr. Mathieu Fiset<\/h5>\n<h5 style=\"text-align: left\"><span style=\"color: #008000\"><strong>Co-direction :<\/strong><\/span> Dr. Jos\u00e9 Bastien,\u00a0 Dr. Benoit Fournier<\/h5>\n<h5 style=\"text-align: left\"><span style=\"color: #008000\">R\u00f4le :<\/span> Doctorant<\/h5>\n<h5><span style=\"color: #008000\">Informations de contact: <\/span><a href=\"mailto:znana@etu.uqac.ca\"><span style=\"color: #0000ff\">znana@etu.uqac.ca<\/span><\/a><\/h5>\n<h6 style=\"text-align: justify\"><span style=\"color: #008000\"><strong>Informations de la recherche :<\/strong><\/span> Le transfert de charge \u00e0 travers une fissure dans les structures de b\u00e9ton repose en grande partie sur le m\u00e9canisme d\u2019enchev\u00eatrement des granulats qui a \u00e9t\u00e9 tr\u00e8s longtemps n\u00e9glig\u00e9 par les ing\u00e9nieurs. Il permet la transmission des efforts de cisaillement malgr\u00e9 la pr\u00e9sence de fissurations dans le b\u00e9ton gr\u00e2ce aux asp\u00e9rit\u00e9s et au frottement intergranulaire. Cependant, depuis les ann\u00e9es 50, la r\u00e9action alcalis-silice (RAS) a \u00e9t\u00e9 consid\u00e9r\u00e9e comme un ph\u00e9nom\u00e8ne majeur affectant les infrastructures en b\u00e9ton dans plusieurs r\u00e9gions du monde, o\u00f9 les conditions climatiques et la pr\u00e9sence de granulats r\u00e9actifs accentuent son d\u00e9veloppement, notamment au Canada et au Qu\u00e9bec dont plusieurs structures sont vieillissantes. Ce ph\u00e9nom\u00e8ne engendre une expansion interne du b\u00e9ton, provoquant des fissurations progressives et une alt\u00e9ration de ses propri\u00e9t\u00e9s m\u00e9caniques, compromettant ainsi la durabilit\u00e9 et la capacit\u00e9 portante des ouvrages touch\u00e9s. Lorsque le b\u00e9ton est affect\u00e9 par ce ph\u00e9nom\u00e8ne de la RAS, il devient pertinent de se demander sa capacit\u00e9 \u00e0 assurer toujours le transfert de cisaillement par le m\u00e9canisme d\u2019enchev\u00eatrement des granulats. C\u2019est dans cette optique que s\u2019inscrit ce projet de maitrise qui vise \u00e0 analyser l\u2019impact de l\u2019expansion et de l\u2019endommagement du b\u00e9ton affect\u00e9 par la RAS sur sa r\u00e9sistance au cisaillement par enchev\u00eatrement des granulats. Pour cela, une campagne exp\u00e9rimentale a \u00e9t\u00e9 men\u00e9e, impliquant la fabrication et le conditionnement de plusieurs s\u00e9ries d\u2019\u00e9prouvettes de cylindre en b\u00e9ton non arm\u00e9 de diam\u00e8tre 100 mm (4 pouces) et de longueur 229 mm (9 pouces) soumis \u00e0 diff\u00e9rents niveaux d\u2019expansion (0,00 %, 0,07 %, 0,12 %, 0,20% et 0,30%). L\u2019endommagement du b\u00e9ton a \u00e9t\u00e9 caract\u00e9ris\u00e9 par des essais de Stiffness Damage Test (SDT), afin de permettre d\u2019observer l\u2019\u00e9volution des param\u00e8tres de sortis durant les cycles de chargement-d\u00e9chargement. L\u2019effet du confinement a \u00e9galement \u00e9t\u00e9 pris en compte, \u00e0 travers l\u2019application de plusieurs niveaux de contraintes normales lat\u00e9rales vis\u00e9es lors des essais de cisaillement direct. Ces essais ont permis d\u2019observer l\u2019\u00e9volution de la r\u00e9sistance au cisaillement en fonction de l\u2019expansion et du niveau de contrainte normale appliqu\u00e9, mettant en \u00e9vidence les m\u00e9canismes de transmission des efforts \u00e0 travers les surfaces fissur\u00e9es. Les r\u00e9sultats obtenus montrent que, bien que le confinement favorise un meilleur enchev\u00eatrement des granulats, une expansion excessive entra\u00eene une d\u00e9t\u00e9rioration progressive des surfaces de contact, r\u00e9duisant ainsi la capacit\u00e9 portante du b\u00e9ton en cisaillement. Les r\u00e9sultats montrent \u00e9galement que m\u00eame si l\u2019application de contraintes normales lat\u00e9rales permet de limiter l\u2019ouverture des fissures et de maintenir un certain niveau de transfert des efforts, elles ne suffisent pas \u00e0 compenser enti\u00e8rement la perte de rigidit\u00e9 caus\u00e9e par l\u2019expansion du b\u00e9ton due \u00e0 la RAS.<\/h6>\n<\/td>\n<\/tr>\n<\/tbody>\n<\/table>\n","protected":false},"excerpt":{"rendered":"<p>Zakari Nana Impact de la r\u00e9action alcalis silice sur l&#8217;enchev\u00eatrement des granulats Direction : Dr. Mathieu Fiset Co-direction : Dr. Jos\u00e9 Bastien,\u00a0 Dr. Benoit Fournier R\u00f4le : Doctorant Informations de contact: znana@etu.uqac.ca Informations de la recherche : Le transfert de charge \u00e0 travers une fissure dans les structures de b\u00e9ton repose en grande partie sur &hellip; <a href=\"https:\/\/recherche.uqac.ca\/r2eau\/zakari-nana\/\" class=\"more-link\">Continue reading <span class=\"screen-reader-text\">Zakari Nana<\/span> <span class=\"meta-nav\">&rarr;<\/span><\/a><\/p>\n","protected":false},"author":39,"featured_media":0,"parent":0,"menu_order":0,"comment_status":"closed","ping_status":"closed","template":"","meta":{"footnotes":""},"_links":{"self":[{"href":"https:\/\/recherche.uqac.ca\/r2eau\/wp-json\/wp\/v2\/pages\/527"}],"collection":[{"href":"https:\/\/recherche.uqac.ca\/r2eau\/wp-json\/wp\/v2\/pages"}],"about":[{"href":"https:\/\/recherche.uqac.ca\/r2eau\/wp-json\/wp\/v2\/types\/page"}],"author":[{"embeddable":true,"href":"https:\/\/recherche.uqac.ca\/r2eau\/wp-json\/wp\/v2\/users\/39"}],"replies":[{"embeddable":true,"href":"https:\/\/recherche.uqac.ca\/r2eau\/wp-json\/wp\/v2\/comments?post=527"}],"version-history":[{"count":2,"href":"https:\/\/recherche.uqac.ca\/r2eau\/wp-json\/wp\/v2\/pages\/527\/revisions"}],"predecessor-version":[{"id":547,"href":"https:\/\/recherche.uqac.ca\/r2eau\/wp-json\/wp\/v2\/pages\/527\/revisions\/547"}],"wp:attachment":[{"href":"https:\/\/recherche.uqac.ca\/r2eau\/wp-json\/wp\/v2\/media?parent=527"}],"curies":[{"name":"wp","href":"https:\/\/api.w.org\/{rel}","templated":true}]}}