{"id":531,"date":"2025-04-14T01:49:28","date_gmt":"2025-04-14T00:49:28","guid":{"rendered":"https:\/\/recherche.uqac.ca\/r2eau\/?page_id=531"},"modified":"2025-04-14T01:49:56","modified_gmt":"2025-04-14T00:49:56","slug":"cynthia-vigneault","status":"publish","type":"page","link":"https:\/\/recherche.uqac.ca\/r2eau\/cynthia-vigneault\/","title":{"rendered":"Cynthia Vigneault"},"content":{"rendered":"<table style=\"width: 1109px;height: 215px\">\n<tbody>\n<tr>\n<td>\n<h1 style=\"color: #24890d;font-family: verdana;text-align: center\">Cynthia Vigneault, .ing<\/h1>\n<p style=\"text-align: center\"><a href=\"https:\/\/recherche.uqac.ca\/r2eau\/wp-content\/uploads\/sites\/11\/2025\/04\/Cynthia-Vigneault.jpg\"><img loading=\"lazy\" decoding=\"async\" class=\"alignnone size-large wp-image-532\" src=\"https:\/\/recherche.uqac.ca\/r2eau\/wp-content\/uploads\/sites\/11\/2025\/04\/Cynthia-Vigneault-1024x768.jpg\" alt=\"\" width=\"474\" height=\"356\" srcset=\"https:\/\/recherche.uqac.ca\/r2eau\/wp-content\/uploads\/sites\/11\/2025\/04\/Cynthia-Vigneault-1024x768.jpg 1024w, https:\/\/recherche.uqac.ca\/r2eau\/wp-content\/uploads\/sites\/11\/2025\/04\/Cynthia-Vigneault-300x225.jpg 300w, https:\/\/recherche.uqac.ca\/r2eau\/wp-content\/uploads\/sites\/11\/2025\/04\/Cynthia-Vigneault-768x576.jpg 768w, https:\/\/recherche.uqac.ca\/r2eau\/wp-content\/uploads\/sites\/11\/2025\/04\/Cynthia-Vigneault-1536x1152.jpg 1536w, https:\/\/recherche.uqac.ca\/r2eau\/wp-content\/uploads\/sites\/11\/2025\/04\/Cynthia-Vigneault.jpg 2048w\" sizes=\"(max-width: 474px) 100vw, 474px\" \/><\/a><\/p>\n<h5 style=\"text-align: center\">Mod\u00e9lisation 3D de la vall\u00e9e rive gauche de la digue 1 de Bersimis-2 afin de trouver les raisons des blocages et d\u00e9blocages<\/h5>\n<h5 style=\"text-align: left\"><span style=\"color: #008000\"><strong>Direction :<\/strong><\/span> Dr. Ali Saeidi, ing. Ph.D.<\/h5>\n<h5 style=\"text-align: left\"><span style=\"color: #008000\"><strong>Co-direction :<\/strong><\/span> Dr. Daniel Verret, ing. Ph.D. (Hydro Qu\u00e9bec)<\/h5>\n<h5 style=\"text-align: left\"><span style=\"color: #008000\">R\u00f4le : <\/span>Ma\u00eetrise<\/h5>\n<h5><span style=\"color: #008000\">Informations de contact : <\/span><a href=\"mailto:cvigneault@etu.uqac.ca\"><span style=\"color: #0000ff\">cvigneault@etu.uqac.ca<\/span><\/a>, <a href=\"mailto:Vigneault.Cynthia@hydroquebec.com\"><span style=\"color: #0000ff\">Vigneault.Cynthia@hydroquebec.com<\/span><\/a><\/h5>\n<h6 style=\"text-align: justify\"><span style=\"color: #008000\"><strong>Informations de la recherche :<\/strong><\/span> Ce projet de ma\u00eetrise porte sur la mod\u00e9lisation tridimensionnelle de la vall\u00e9e situ\u00e9e en rive gauche de la digue 1 de l\u2019am\u00e9nagement hydro\u00e9lectrique Bersimis-2. Un d\u00e9bit de fuite de l\u2019ordre de 10 \u00e0 20 L\/s est mesur\u00e9 au droit d\u2019un d\u00e9versoir de jaugeage situ\u00e9 dans cette vall\u00e9e. Depuis plusieurs ann\u00e9es, un ph\u00e9nom\u00e8ne r\u00e9current de \u00ab blocages \u00bb et de \u00ab d\u00e9blocages \u00bb a \u00e9t\u00e9 observ\u00e9 \u00e0 ce d\u00e9versoir par les ing\u00e9nieurs responsables du suivi de comportement chez Hydro-Qu\u00e9bec. Ce ph\u00e9nom\u00e8ne se manifeste par une augmentation soudaine du d\u00e9bit au d\u00e9versoir, accompagn\u00e9e d\u2019une baisse marqu\u00e9e des niveaux pi\u00e9zom\u00e9triques en aval. Bien que certaines hypoth\u00e8ses aient \u00e9t\u00e9 avanc\u00e9es, aucune explication concluante n\u2019a encore \u00e9t\u00e9 retenue. L\u2019objectif principal du projet est de d\u00e9terminer les propri\u00e9t\u00e9s hydrauliques des sols et du roc du secteur \u00e0 l\u2019\u00e9tude, sur la base de donn\u00e9es disponibles et d\u2019analyses compl\u00e9mentaires. Ces propri\u00e9t\u00e9s serviront de fondement \u00e0 la construction d\u2019un mod\u00e8le hydrog\u00e9ologique num\u00e9rique. Ce mod\u00e8le permettra d\u2019\u00e9tudier les \u00e9coulements souterrains afin de mieux comprendre les m\u00e9canismes \u00e0 l\u2019origine des ph\u00e9nom\u00e8nes observ\u00e9s. Les r\u00e9sultats attendus contribueront \u00e0 une meilleure compr\u00e9hension du comportement hydrog\u00e9ologique du site et pourront appuyer les strat\u00e9gies de surveillance et de gestion du risque associ\u00e9es \u00e0 cette infrastructure.<\/h6>\n<\/td>\n<\/tr>\n<\/tbody>\n<\/table>\n","protected":false},"excerpt":{"rendered":"<p>Cynthia Vigneault, .ing Mod\u00e9lisation 3D de la vall\u00e9e rive gauche de la digue 1 de Bersimis-2 afin de trouver les raisons des blocages et d\u00e9blocages Direction : Dr. Ali Saeidi, ing. Ph.D. Co-direction : Dr. Daniel Verret, ing. Ph.D. (Hydro Qu\u00e9bec) R\u00f4le : Ma\u00eetrise Informations de contact : cvigneault@etu.uqac.ca, Vigneault.Cynthia@hydroquebec.com Informations de la recherche : &hellip; <a href=\"https:\/\/recherche.uqac.ca\/r2eau\/cynthia-vigneault\/\" class=\"more-link\">Continue reading <span class=\"screen-reader-text\">Cynthia Vigneault<\/span> <span class=\"meta-nav\">&rarr;<\/span><\/a><\/p>\n","protected":false},"author":39,"featured_media":0,"parent":0,"menu_order":0,"comment_status":"closed","ping_status":"closed","template":"","meta":{"footnotes":""},"_links":{"self":[{"href":"https:\/\/recherche.uqac.ca\/r2eau\/wp-json\/wp\/v2\/pages\/531"}],"collection":[{"href":"https:\/\/recherche.uqac.ca\/r2eau\/wp-json\/wp\/v2\/pages"}],"about":[{"href":"https:\/\/recherche.uqac.ca\/r2eau\/wp-json\/wp\/v2\/types\/page"}],"author":[{"embeddable":true,"href":"https:\/\/recherche.uqac.ca\/r2eau\/wp-json\/wp\/v2\/users\/39"}],"replies":[{"embeddable":true,"href":"https:\/\/recherche.uqac.ca\/r2eau\/wp-json\/wp\/v2\/comments?post=531"}],"version-history":[{"count":1,"href":"https:\/\/recherche.uqac.ca\/r2eau\/wp-json\/wp\/v2\/pages\/531\/revisions"}],"predecessor-version":[{"id":533,"href":"https:\/\/recherche.uqac.ca\/r2eau\/wp-json\/wp\/v2\/pages\/531\/revisions\/533"}],"wp:attachment":[{"href":"https:\/\/recherche.uqac.ca\/r2eau\/wp-json\/wp\/v2\/media?parent=531"}],"curies":[{"name":"wp","href":"https:\/\/api.w.org\/{rel}","templated":true}]}}