{"id":535,"date":"2025-04-24T20:20:32","date_gmt":"2025-04-24T19:20:32","guid":{"rendered":"https:\/\/recherche.uqac.ca\/r2eau\/?page_id=535"},"modified":"2025-04-25T13:18:04","modified_gmt":"2025-04-25T12:18:04","slug":"jean-benoit-darveau","status":"publish","type":"page","link":"https:\/\/recherche.uqac.ca\/r2eau\/jean-benoit-darveau\/","title":{"rendered":"Jean-Beno\u00eet Darveau"},"content":{"rendered":"<table style=\"width: 1109px;height: 215px\">\n<tbody>\n<tr>\n<td>\n<h1 style=\"color: #24890d;font-family: verdana;text-align: center\">Jean-Beno\u00eet Darveau<\/h1>\n<p>&nbsp;<\/p>\n<h5 style=\"text-align: center\">Professionnel de recherche, Universit\u00e9 du Qu\u00e9bec \u00e0 Chicoutimi<\/h5>\n<h5 style=\"text-align: left\"><span style=\"color: #008000\">Sujets de recherche int\u00e9ress\u00e9s : <\/span>B\u00e9ton de ciment (mat\u00e9riaux)<\/h5>\n<h5><span style=\"color: #008000\">Informations de contact: <\/span><a href=\"mailto:jbdarvea@uqac.ca\"><span style=\"color: #0000ff\">jbdarvea@uqac.ca<\/span><\/a><\/h5>\n<h6 style=\"text-align: justify\"><span style=\"color: #008000\"><strong>Biographie :<\/strong><\/span> Jean-Beno\u00eet Darveau a obtenu sa ma\u00eetrise en sciences de la terre sur la durabilit\u00e9 des b\u00e9tons \u00e0 l&#8217;Universit\u00e9 Laval en 2021. Il a commenc\u00e9 sa carri\u00e8re en 2019 en tant qu\u2019ing\u00e9nieur de recherche dans le laboratoire de b\u00e9ton projet\u00e9 du Centre de Recherche sur les infrastructures en b\u00e9ton (CRIB) \u00e0 l\u2019universit\u00e9 Laval. La plupart des projets de recherche auxquels il a \u00e9t\u00e9 impliqu\u00e9 \u00e9taient sur le contr\u00f4le qualit\u00e9 des mat\u00e9riaux, l\u2019adaptation d\u2019essais normalis\u00e9s pour le b\u00e9ton projet\u00e9, l\u2019am\u00e9lioration des \u00e9quipements et proc\u00e9d\u00e9s ainsi que l\u2019optimisation de formulations de b\u00e9ton. Depuis 2024, il a commenc\u00e9 \u00e0 travailler comme professionnel de recherche \u00e0 l\u2019UQAC, o\u00f9 il peut mettre de l\u2019avant ses connaissances sur la durabilit\u00e9 et la caract\u00e9risation des b\u00e9tons afin, entre autres, d\u2019\u00e9valuer le potentiel de revalorisation de certains sous-produits industriels dans le b\u00e9ton.<\/h6>\n<\/td>\n<\/tr>\n<\/tbody>\n<\/table>\n","protected":false},"excerpt":{"rendered":"<p>Jean-Beno\u00eet Darveau &nbsp; Professionnel de recherche, Universit\u00e9 du Qu\u00e9bec \u00e0 Chicoutimi Sujets de recherche int\u00e9ress\u00e9s : B\u00e9ton de ciment (mat\u00e9riaux) Informations de contact: jbdarvea@uqac.ca Biographie : Jean-Beno\u00eet Darveau a obtenu sa ma\u00eetrise en sciences de la terre sur la durabilit\u00e9 des b\u00e9tons \u00e0 l&#8217;Universit\u00e9 Laval en 2021. Il a commenc\u00e9 sa carri\u00e8re en 2019 en &hellip; <a href=\"https:\/\/recherche.uqac.ca\/r2eau\/jean-benoit-darveau\/\" class=\"more-link\">Continue reading <span class=\"screen-reader-text\">Jean-Beno\u00eet Darveau<\/span> <span class=\"meta-nav\">&rarr;<\/span><\/a><\/p>\n","protected":false},"author":39,"featured_media":0,"parent":0,"menu_order":0,"comment_status":"closed","ping_status":"closed","template":"","meta":{"footnotes":""},"_links":{"self":[{"href":"https:\/\/recherche.uqac.ca\/r2eau\/wp-json\/wp\/v2\/pages\/535"}],"collection":[{"href":"https:\/\/recherche.uqac.ca\/r2eau\/wp-json\/wp\/v2\/pages"}],"about":[{"href":"https:\/\/recherche.uqac.ca\/r2eau\/wp-json\/wp\/v2\/types\/page"}],"author":[{"embeddable":true,"href":"https:\/\/recherche.uqac.ca\/r2eau\/wp-json\/wp\/v2\/users\/39"}],"replies":[{"embeddable":true,"href":"https:\/\/recherche.uqac.ca\/r2eau\/wp-json\/wp\/v2\/comments?post=535"}],"version-history":[{"count":3,"href":"https:\/\/recherche.uqac.ca\/r2eau\/wp-json\/wp\/v2\/pages\/535\/revisions"}],"predecessor-version":[{"id":540,"href":"https:\/\/recherche.uqac.ca\/r2eau\/wp-json\/wp\/v2\/pages\/535\/revisions\/540"}],"wp:attachment":[{"href":"https:\/\/recherche.uqac.ca\/r2eau\/wp-json\/wp\/v2\/media?parent=535"}],"curies":[{"name":"wp","href":"https:\/\/api.w.org\/{rel}","templated":true}]}}