{"id":573,"date":"2025-12-18T21:43:57","date_gmt":"2025-12-18T20:43:57","guid":{"rendered":"https:\/\/recherche.uqac.ca\/r2eau\/?page_id=573"},"modified":"2025-12-18T21:43:57","modified_gmt":"2025-12-18T20:43:57","slug":"pier-olivier-gilbert","status":"publish","type":"page","link":"https:\/\/recherche.uqac.ca\/r2eau\/pier-olivier-gilbert\/","title":{"rendered":"Pier-Olivier Gilbert"},"content":{"rendered":"<table style=\"width: 1109px;height: 215px\">\n<tbody>\n<tr>\n<td>\n<h1 style=\"color: #24890d;font-family: verdana;text-align: center\">Pier-Olivier Gilbert<\/h1>\n<p style=\"text-align: center\"><a href=\"https:\/\/recherche.uqac.ca\/r2eau\/wp-content\/uploads\/sites\/11\/2022\/10\/A-S-M-Fahad-Hossain.jpg\"><img loading=\"lazy\" decoding=\"async\" class=\"alignnone wp-image-312\" src=\"https:\/\/recherche.uqac.ca\/r2eau\/wp-content\/uploads\/sites\/11\/2025\/12\/Pier-Olivier-Gilbert.jpg\" width=\"500\" height=\"500\" \/><\/a><\/p>\n<h5 style=\"text-align: center\">\u00c9valuation du potentiel d\u2019utilisation de la riboflavine (vitamine B2) comme traceur hydrog\u00e9ologique<\/h5>\n<h5 style=\"text-align: left\"><span style=\"color: #008000\"><strong>Direction :<\/strong><\/span> Dr. Julien Walter<\/h5>\n<h5 style=\"text-align: left\"><span style=\"color: #008000\"><strong>Co-direction :<\/strong><\/span> Dr. Romain Chesnaux<\/h5>\n<h5 style=\"text-align: left\"><span style=\"color: #008000\">R\u00f4le :<\/span> Ma\u00eetrise<\/h5>\n<h5><span style=\"color: #008000\">Informations de contact: <\/span><span style=\"color: #0000ff\"><a style=\"color: #0000ff\" href=\"mailto:pogilbert@etu.uqac.ca\" target=\"_blank\" rel=\"noopener\">pogilbert@etu.uqac.ca<\/a><\/span><\/h5>\n<h6 style=\"text-align: justify\"><span style=\"color: #008000\"><strong>Informations de la recherche :<\/strong><\/span> Son projet de recherche porte sur l\u2019\u00e9valuation du potentiel d\u2019utilisation de la riboflavine (vitamine B2) comme traceur hydrog\u00e9ologique, une substance qui n&#8217;a encore jamais \u00e9tudi\u00e9e pour le tra\u00e7age en eau souterraine. Ce projet s\u2019inscrit dans un contexte o\u00f9 les essais de tra\u00e7age demeurent peu utilis\u00e9s au Qu\u00e9bec, principalement en raison des risques toxiques et r\u00e9glementaires associ\u00e9s aux traceurs fluorescents classiques, tels que les rhodamines ou les xanth\u00e8nes. La riboflavine, naturellement pr\u00e9sente dans l\u2019alimentation et caract\u00e9ris\u00e9e par une excellente innocuit\u00e9, repr\u00e9sente une alternative \u00e9cocompatible susceptible de r\u00e9duire ces contraintes. La recherche a pour but de d\u00e9terminer si la riboflavine peut se comporter comme un traceur conservatif en \u00e9valuant sa solubilit\u00e9, sa stabilit\u00e9, sa fluorescence, sa sensibilit\u00e9 au pH, \u00e0 la temp\u00e9rature et \u00e0 la lumi\u00e8re, ainsi que son interaction avec les mat\u00e9riaux g\u00e9ologiques. Des essais en solution, en colonnes de laboratoire et en aquif\u00e8res poreux et fractur\u00e9s permettront d\u2019identifier ses propri\u00e9t\u00e9s de transport, son \u00e9ventuel retard et son comportement compar\u00e9 \u00e0 des traceurs \u00e9tablis comme l\u2019uranine. Ce projet vise \u00e0 \u00e9largir la gamme de traceurs \u00e9cologiques disponibles, am\u00e9liorer la pr\u00e9cision des essais de tra\u00e7age et contribuer \u00e0 une meilleure protection des ressources en eau potable.<\/h6>\n<\/td>\n<\/tr>\n<\/tbody>\n<\/table>\n","protected":false},"excerpt":{"rendered":"<p>Pier-Olivier Gilbert \u00c9valuation du potentiel d\u2019utilisation de la riboflavine (vitamine B2) comme traceur hydrog\u00e9ologique Direction : Dr. Julien Walter Co-direction : Dr. Romain Chesnaux R\u00f4le : Ma\u00eetrise Informations de contact: pogilbert@etu.uqac.ca Informations de la recherche : Son projet de recherche porte sur l\u2019\u00e9valuation du potentiel d\u2019utilisation de la riboflavine (vitamine B2) comme traceur hydrog\u00e9ologique, une &hellip; <a href=\"https:\/\/recherche.uqac.ca\/r2eau\/pier-olivier-gilbert\/\" class=\"more-link\">Continue reading <span class=\"screen-reader-text\">Pier-Olivier Gilbert<\/span> <span class=\"meta-nav\">&rarr;<\/span><\/a><\/p>\n","protected":false},"author":39,"featured_media":0,"parent":0,"menu_order":0,"comment_status":"closed","ping_status":"closed","template":"","meta":{"footnotes":""},"_links":{"self":[{"href":"https:\/\/recherche.uqac.ca\/r2eau\/wp-json\/wp\/v2\/pages\/573"}],"collection":[{"href":"https:\/\/recherche.uqac.ca\/r2eau\/wp-json\/wp\/v2\/pages"}],"about":[{"href":"https:\/\/recherche.uqac.ca\/r2eau\/wp-json\/wp\/v2\/types\/page"}],"author":[{"embeddable":true,"href":"https:\/\/recherche.uqac.ca\/r2eau\/wp-json\/wp\/v2\/users\/39"}],"replies":[{"embeddable":true,"href":"https:\/\/recherche.uqac.ca\/r2eau\/wp-json\/wp\/v2\/comments?post=573"}],"version-history":[{"count":1,"href":"https:\/\/recherche.uqac.ca\/r2eau\/wp-json\/wp\/v2\/pages\/573\/revisions"}],"predecessor-version":[{"id":575,"href":"https:\/\/recherche.uqac.ca\/r2eau\/wp-json\/wp\/v2\/pages\/573\/revisions\/575"}],"wp:attachment":[{"href":"https:\/\/recherche.uqac.ca\/r2eau\/wp-json\/wp\/v2\/media?parent=573"}],"curies":[{"name":"wp","href":"https:\/\/api.w.org\/{rel}","templated":true}]}}